{"id":25420,"date":"2019-04-13T16:13:52","date_gmt":"2019-04-13T14:13:52","guid":{"rendered":"https:\/\/davidbeu.live-website.com\/?page_id=25420"},"modified":"2019-12-06T14:28:07","modified_gmt":"2019-12-06T13:28:07","slug":"training","status":"publish","type":"page","link":"https:\/\/davidbeu.de\/en\/training\/","title":{"rendered":"training"},"content":{"rendered":"<div data-elementor-type=\"wp-post\" data-elementor-id=\"25420\" class=\"elementor elementor-25420\" data-elementor-post-type=\"page\">\n\t\t\t\t\t\t<section class=\"elementor-section elementor-top-section elementor-element elementor-element-2201f72 elementor-section-stretched elementor-section-boxed elementor-section-height-default elementor-section-height-default\" data-id=\"2201f72\" data-element_type=\"section\" data-e-type=\"section\" data-settings=\"{&quot;stretch_section&quot;:&quot;section-stretched&quot;}\">\n\t\t\t\t\t\t<div class=\"elementor-container elementor-column-gap-default\">\n\t\t\t\t\t<div class=\"elementor-column elementor-col-100 elementor-top-column elementor-element elementor-element-6f67434\" data-id=\"6f67434\" data-element_type=\"column\" data-e-type=\"column\">\n\t\t\t<div class=\"elementor-widget-wrap elementor-element-populated\">\n\t\t\t\t\t\t<section class=\"elementor-section elementor-inner-section elementor-element elementor-element-a2c0124 elementor-section-boxed elementor-section-height-default elementor-section-height-default\" data-id=\"a2c0124\" data-element_type=\"section\" data-e-type=\"section\">\n\t\t\t\t\t\t<div class=\"elementor-container elementor-column-gap-default\">\n\t\t\t\t\t<div class=\"elementor-column elementor-col-100 elementor-inner-column elementor-element elementor-element-6afc91e\" data-id=\"6afc91e\" data-element_type=\"column\" data-e-type=\"column\">\n\t\t\t<div class=\"elementor-widget-wrap elementor-element-populated\">\n\t\t\t\t\t\t<div class=\"elementor-element elementor-element-437011d elementor-widget elementor-widget-image\" data-id=\"437011d\" data-element_type=\"widget\" data-e-type=\"widget\" data-widget_type=\"image.default\">\n\t\t\t\t<div class=\"elementor-widget-container\">\n\t\t\t\t\t\t\t\t\t\t\t\t\t\t\t<img decoding=\"async\" width=\"1\" height=\"1\" src=\"https:\/\/davidbeu.de\/wp-content\/uploads\/2019\/04\/why.svg\" class=\"attachment-large size-large wp-image-25547\" alt=\"\" \/>\t\t\t\t\t\t\t\t\t\t\t\t\t\t\t<\/div>\n\t\t\t\t<\/div>\n\t\t\t\t<div class=\"elementor-element elementor-element-39da819 elementor-widget elementor-widget-text-editor\" data-id=\"39da819\" data-element_type=\"widget\" data-e-type=\"widget\" data-widget_type=\"text-editor.default\">\n\t\t\t\t<div class=\"elementor-widget-container\">\n\t\t\t\t\t\t\t\t\t<h2>Why intercultural training?<\/h2><p>\u00a0<\/p><p>Our world is not only becoming more international, but also more digital from day to day. It is often difficult for companies to keep abreast of the growing requirements placed on them and their employees. Owing to increasing diversity, conflicts sometimes stretch across, for example, different cultural identities, genders, organisational affiliations or age groups. Foreign assignments are another change management task laden with conflict, and they often entail low success rates. Knowledge gaps, a lack of cultural sensitivity and insufficient preparation often cause teams or intercultural projects to fail before they were even able to get off the ground.\u00a0<\/p><p>Intercultural training can prevent this and help your employees and teams to perform successfully in the long term.\u00a0<\/p>\t\t\t\t\t\t\t\t<\/div>\n\t\t\t\t<\/div>\n\t\t\t\t\t<\/div>\n\t\t<\/div>\n\t\t\t\t\t<\/div>\n\t\t<\/section>\n\t\t\t\t\t<\/div>\n\t\t<\/div>\n\t\t\t\t\t<\/div>\n\t\t<\/section>\n\t\t\t\t<section class=\"elementor-section elementor-top-section elementor-element elementor-element-4121b45 elementor-section-boxed elementor-section-height-default elementor-section-height-default\" data-id=\"4121b45\" data-element_type=\"section\" data-e-type=\"section\" data-settings=\"{&quot;background_background&quot;:&quot;classic&quot;}\">\n\t\t\t\t\t\t<div class=\"elementor-container elementor-column-gap-default\">\n\t\t\t\t\t<div class=\"elementor-column elementor-col-33 elementor-top-column elementor-element elementor-element-971db60\" data-id=\"971db60\" data-element_type=\"column\" data-e-type=\"column\">\n\t\t\t<div class=\"elementor-widget-wrap elementor-element-populated\">\n\t\t\t\t\t\t<div class=\"elementor-element elementor-element-383899d elementor-widget-divider--view-line elementor-widget elementor-widget-divider\" data-id=\"383899d\" data-element_type=\"widget\" data-e-type=\"widget\" data-widget_type=\"divider.default\">\n\t\t\t\t<div class=\"elementor-widget-container\">\n\t\t\t\t\t\t\t<div class=\"elementor-divider\">\n\t\t\t<span class=\"elementor-divider-separator\">\n\t\t\t\t\t\t<\/span>\n\t\t<\/div>\n\t\t\t\t\t\t<\/div>\n\t\t\t\t<\/div>\n\t\t\t\t<div class=\"elementor-element elementor-element-ef620c8 elementor-widget elementor-widget-heading\" data-id=\"ef620c8\" data-element_type=\"widget\" data-e-type=\"widget\" data-widget_type=\"heading.default\">\n\t\t\t\t<div class=\"elementor-widget-container\">\n\t\t\t\t\t<h3 class=\"elementor-heading-title elementor-size-default\">Well-founded<\/h3>\t\t\t\t<\/div>\n\t\t\t\t<\/div>\n\t\t\t\t<div class=\"elementor-element elementor-element-063549a elementor-widget elementor-widget-text-editor\" data-id=\"063549a\" data-element_type=\"widget\" data-e-type=\"widget\" data-widget_type=\"text-editor.default\">\n\t\t\t\t<div class=\"elementor-widget-container\">\n\t\t\t\t\t\t\t\t\t<p style=\"text-align: center;\">I base my training sessions on the latest scientific insights from the fields of psychology, sociology, ethnology and the political and economic sciences. Constant continuing professional development and empirically evident probability of success are two of my core principles, from which participants in my seminars also profit owing to a well-founded transfer of knowledge.<\/p>\t\t\t\t\t\t\t\t<\/div>\n\t\t\t\t<\/div>\n\t\t\t\t\t<\/div>\n\t\t<\/div>\n\t\t\t\t<div class=\"elementor-column elementor-col-33 elementor-top-column elementor-element elementor-element-6a90790\" data-id=\"6a90790\" data-element_type=\"column\" data-e-type=\"column\">\n\t\t\t<div class=\"elementor-widget-wrap elementor-element-populated\">\n\t\t\t\t\t\t<div class=\"elementor-element elementor-element-d72ecd7 elementor-widget-divider--view-line elementor-widget elementor-widget-divider\" data-id=\"d72ecd7\" data-element_type=\"widget\" data-e-type=\"widget\" data-widget_type=\"divider.default\">\n\t\t\t\t<div class=\"elementor-widget-container\">\n\t\t\t\t\t\t\t<div class=\"elementor-divider\">\n\t\t\t<span class=\"elementor-divider-separator\">\n\t\t\t\t\t\t<\/span>\n\t\t<\/div>\n\t\t\t\t\t\t<\/div>\n\t\t\t\t<\/div>\n\t\t\t\t<div class=\"elementor-element elementor-element-e9f696a elementor-widget elementor-widget-heading\" data-id=\"e9f696a\" data-element_type=\"widget\" data-e-type=\"widget\" data-widget_type=\"heading.default\">\n\t\t\t\t<div class=\"elementor-widget-container\">\n\t\t\t\t\t<h3 class=\"elementor-heading-title elementor-size-default\">Exciting<\/h3>\t\t\t\t<\/div>\n\t\t\t\t<\/div>\n\t\t\t\t<div class=\"elementor-element elementor-element-ffc7c38 elementor-widget elementor-widget-text-editor\" data-id=\"ffc7c38\" data-element_type=\"widget\" data-e-type=\"widget\" data-widget_type=\"text-editor.default\">\n\t\t\t\t<div class=\"elementor-widget-container\">\n\t\t\t\t\t\t\t\t\t<p style=\"text-align: center;\">In my training sessions, knowledge and competencies are conveyed in a manner conducive to learning. Varied and interactive methods are used as opposed to excruciatingly long presentations. At the end of the training session, the participants should be able to look back on an exciting day full of novel insights that can be directly applied in practice.<\/p>\t\t\t\t\t\t\t\t<\/div>\n\t\t\t\t<\/div>\n\t\t\t\t\t<\/div>\n\t\t<\/div>\n\t\t\t\t<div class=\"elementor-column elementor-col-33 elementor-top-column elementor-element elementor-element-0a625e3\" data-id=\"0a625e3\" data-element_type=\"column\" data-e-type=\"column\">\n\t\t\t<div class=\"elementor-widget-wrap elementor-element-populated\">\n\t\t\t\t\t\t<div class=\"elementor-element elementor-element-624b712 elementor-widget-divider--view-line elementor-widget elementor-widget-divider\" data-id=\"624b712\" data-element_type=\"widget\" data-e-type=\"widget\" data-widget_type=\"divider.default\">\n\t\t\t\t<div class=\"elementor-widget-container\">\n\t\t\t\t\t\t\t<div class=\"elementor-divider\">\n\t\t\t<span class=\"elementor-divider-separator\">\n\t\t\t\t\t\t<\/span>\n\t\t<\/div>\n\t\t\t\t\t\t<\/div>\n\t\t\t\t<\/div>\n\t\t\t\t<div class=\"elementor-element elementor-element-a3d5659 elementor-widget elementor-widget-heading\" data-id=\"a3d5659\" data-element_type=\"widget\" data-e-type=\"widget\" data-widget_type=\"heading.default\">\n\t\t\t\t<div class=\"elementor-widget-container\">\n\t\t\t\t\t<h3 class=\"elementor-heading-title elementor-size-default\">Effective in the long term<\/h3>\t\t\t\t<\/div>\n\t\t\t\t<\/div>\n\t\t\t\t<div class=\"elementor-element elementor-element-2e99a7d elementor-widget elementor-widget-text-editor\" data-id=\"2e99a7d\" data-element_type=\"widget\" data-e-type=\"widget\" data-widget_type=\"text-editor.default\">\n\t\t\t\t<div class=\"elementor-widget-container\">\n\t\t\t\t\t\t\t\t\t<p style=\"text-align: center;\">The long-term benefit for my customers is always paramount. My training successes rely on a guaranteed transfer effect from theory used in practice. Furthermore, I also like to support my clients and trainees on their journey long term by way of a coaching format.\u00a0\u00a0<\/p>\t\t\t\t\t\t\t\t<\/div>\n\t\t\t\t<\/div>\n\t\t\t\t\t<\/div>\n\t\t<\/div>\n\t\t\t\t\t<\/div>\n\t\t<\/section>\n\t\t\t\t<section class=\"elementor-section elementor-top-section elementor-element elementor-element-c8fe312 elementor-section-stretched elementor-section-full_width elementor-section-height-default elementor-section-height-default\" data-id=\"c8fe312\" data-element_type=\"section\" data-e-type=\"section\" data-settings=\"{&quot;background_background&quot;:&quot;classic&quot;,&quot;stretch_section&quot;:&quot;section-stretched&quot;}\">\n\t\t\t\t\t\t<div class=\"elementor-container elementor-column-gap-default\">\n\t\t\t\t\t<div class=\"elementor-column elementor-col-100 elementor-top-column elementor-element elementor-element-683b5c4\" data-id=\"683b5c4\" data-element_type=\"column\" data-e-type=\"column\">\n\t\t\t<div class=\"elementor-widget-wrap elementor-element-populated\">\n\t\t\t\t\t\t<section class=\"elementor-section elementor-inner-section elementor-element elementor-element-fafe8cb elementor-section-boxed elementor-section-height-default elementor-section-height-default\" data-id=\"fafe8cb\" data-element_type=\"section\" data-e-type=\"section\">\n\t\t\t\t\t\t<div class=\"elementor-container elementor-column-gap-default\">\n\t\t\t\t\t<div class=\"elementor-column elementor-col-50 elementor-inner-column elementor-element elementor-element-955adc0\" data-id=\"955adc0\" data-element_type=\"column\" data-e-type=\"column\">\n\t\t\t<div class=\"elementor-widget-wrap elementor-element-populated\">\n\t\t\t\t\t\t<div class=\"elementor-element elementor-element-8cc1dbc elementor-widget elementor-widget-heading\" data-id=\"8cc1dbc\" data-element_type=\"widget\" data-e-type=\"widget\" data-widget_type=\"heading.default\">\n\t\t\t\t<div class=\"elementor-widget-container\">\n\t\t\t\t\t<h3 class=\"elementor-heading-title elementor-size-default\">When intercultural training?<\/h3>\t\t\t\t<\/div>\n\t\t\t\t<\/div>\n\t\t\t\t<div class=\"elementor-element elementor-element-49a080a elementor-widget elementor-widget-text-editor\" data-id=\"49a080a\" data-element_type=\"widget\" data-e-type=\"widget\" data-widget_type=\"text-editor.default\">\n\t\t\t\t<div class=\"elementor-widget-container\">\n\t\t\t\t\t\t\t\t\tOur world is not only becoming more international, but also more digital from day to day. It is often difficult for companies to keep abreast of the growing requirements placed on them and their employees. Owing to increasing diversity, conflicts sometimes stretch across, for example, different cultural identities, genders, organisational affiliations or age groups. Foreign assignments are another change management task laden with conflict, and they often entail low success rates. Knowledge gaps, a lack of cultural sensitivity and insufficient preparation often cause teams or intercultural projects to fail before they were even able to get off the ground.\n\nIntercultural training can prevent this and help your employees and teams to perform successfully in the long term.\t\t\t\t\t\t\t\t<\/div>\n\t\t\t\t<\/div>\n\t\t\t\t\t<\/div>\n\t\t<\/div>\n\t\t\t\t<div class=\"elementor-column elementor-col-50 elementor-inner-column elementor-element elementor-element-22bfefc\" data-id=\"22bfefc\" data-element_type=\"column\" data-e-type=\"column\">\n\t\t\t<div class=\"elementor-widget-wrap elementor-element-populated\">\n\t\t\t\t\t\t<div class=\"elementor-element elementor-element-3ce700a elementor-widget elementor-widget-heading\" data-id=\"3ce700a\" data-element_type=\"widget\" data-e-type=\"widget\" data-widget_type=\"heading.default\">\n\t\t\t\t<div class=\"elementor-widget-container\">\n\t\t\t\t\t<h3 class=\"elementor-heading-title elementor-size-default\">M\u00f6gliche Inhalte &amp; Themen <\/h3>\t\t\t\t<\/div>\n\t\t\t\t<\/div>\n\t\t\t\t<div class=\"elementor-element elementor-element-73dc5cd elementor-widget elementor-widget-text-editor\" data-id=\"73dc5cd\" data-element_type=\"widget\" data-e-type=\"widget\" data-widget_type=\"text-editor.default\">\n\t\t\t\t<div class=\"elementor-widget-container\">\n\t\t\t\t\t\t\t\t\t\n<ul>\t<li>Recognition of communication styles<\/li>\n \t<li>Decoding of behavioural patterns<\/li>\n \t<li>Time management optimisation<\/li>\n \t<li>Avoidance of culture-specific \u201cno-gos\u201d<\/li>\n \t<li>Negotiation strategies<\/li>\n \t<li>Constructive feedback culture<\/li>\n \t<li>Understanding of and dealing with different hierarchy structures<\/li>\n \t<li>Analysis of cultural levels<\/li>\n \t<li>Dealing with stereotypes and prejudices<\/li>\n \t<li>Team development<\/li>\n \t<li>Crisis intervention<\/li>\n \t<li>Recognition of communication styles<\/li>\n \t<li>Recognition of communication styles<\/li>\n<\/ul>\t\t\t\t\t\t\t\t<\/div>\n\t\t\t\t<\/div>\n\t\t\t\t\t<\/div>\n\t\t<\/div>\n\t\t\t\t\t<\/div>\n\t\t<\/section>\n\t\t\t\t\t<\/div>\n\t\t<\/div>\n\t\t\t\t\t<\/div>\n\t\t<\/section>\n\t\t\t\t<section class=\"elementor-section elementor-top-section elementor-element elementor-element-ead9bb9 elementor-section-full_width elementor-section-height-default elementor-section-height-default\" data-id=\"ead9bb9\" data-element_type=\"section\" data-e-type=\"section\">\n\t\t\t\t\t\t<div class=\"elementor-container elementor-column-gap-default\">\n\t\t\t\t\t<div class=\"elementor-column elementor-col-100 elementor-top-column elementor-element elementor-element-100cc76\" data-id=\"100cc76\" data-element_type=\"column\" data-e-type=\"column\">\n\t\t\t<div class=\"elementor-widget-wrap elementor-element-populated\">\n\t\t\t\t\t\t<div class=\"elementor-element elementor-element-674b6e7 elementor-cta--skin-cover elementor-cta--valign-middle elementor-bg-transform elementor-bg-transform-zoom-out elementor-animated-content elementor-widget elementor-widget-global elementor-global-25452 elementor-widget-call-to-action\" data-id=\"674b6e7\" data-element_type=\"widget\" data-e-type=\"widget\" data-widget_type=\"call-to-action.default\">\n\t\t\t\t<div class=\"elementor-widget-container\">\n\t\t\t\t\t\t\t<div class=\"elementor-cta\">\n\t\t\t\t\t<div class=\"elementor-cta__bg-wrapper\">\n\t\t\t\t<div class=\"elementor-cta__bg elementor-bg\" style=\"background-image: url();\" role=\"img\" aria-label=\"\"><\/div>\n\t\t\t\t<div class=\"elementor-cta__bg-overlay\"><\/div>\n\t\t\t<\/div>\n\t\t\t\t\t\t\t<div class=\"elementor-cta__content\">\n\t\t\t\t\n\t\t\t\t\t\t\t\t\t<h2 class=\"elementor-cta__title elementor-cta__content-item elementor-content-item elementor-animated-item--grow\">\n\t\t\t\t\t\tInterested?\t\t\t\t\t<\/h2>\n\t\t\t\t\n\t\t\t\t\n\t\t\t\t\t\t\t\t\t<div class=\"elementor-cta__button-wrapper elementor-cta__content-item elementor-content-item elementor-animated-item--grow\">\n\t\t\t\t\t<a class=\"elementor-cta__button elementor-button elementor-size-lg\" href=\"mailto:hi@davidbeu.de\">\n\t\t\t\t\t\tEmail me\t\t\t\t\t<\/a>\n\t\t\t\t\t<\/div>\n\t\t\t\t\t\t\t<\/div>\n\t\t\t\t\t\t<\/div>\n\t\t\t\t\t\t<\/div>\n\t\t\t\t<\/div>\n\t\t\t\t\t<\/div>\n\t\t<\/div>\n\t\t\t\t\t<\/div>\n\t\t<\/section>\n\t\t\t\t<\/div>","protected":false},"excerpt":{"rendered":"<p>Warum interkulturelles Training? \u00a0 Unsere Welt wird nicht nur internationaler, sondern t\u00e4glich auch digitaler. Oft f\u00e4llt es Unternehmen schwer, mit den wachsenden Anforderungen an sie und ihre Mitarbeitenden Schritt zu halten. Durch zunehmende Diversit\u00e4t spannen sich teilweise Konflikte zwischen bspw. unterschiedlichen kulturellen Identit\u00e4ten, Geschlechtern, organisationalen Zugeh\u00f6rigkeiten oder Altersgruppen auf. Auslandsentsendungen sind eine weitere konfliktreiche Ver\u00e4nderungsaufgabe, [&hellip;]<\/p>\n","protected":false},"author":1,"featured_media":0,"parent":0,"menu_order":0,"comment_status":"closed","ping_status":"closed","template":"","meta":{"_acf_changed":false,"footnotes":""},"class_list":["post-25420","page","type-page","status-publish","hentry"],"acf":[],"yoast_head":"<!-- This site is optimized with the Yoast SEO plugin v27.3 - https:\/\/yoast.com\/product\/yoast-seo-wordpress\/ -->\n<title>training - David Beu<\/title>\n<meta name=\"description\" content=\"Spannende interkulturelle Trainings. F\u00fcr Firmen; Expats; Teams, soziale Tr\u00e4ger und Einzelpersonen. Machen Sie sich fit f\u00fcr die internationale Zusammenarbeit\" \/>\n<meta name=\"robots\" content=\"index, follow, max-snippet:-1, max-image-preview:large, max-video-preview:-1\" \/>\n<link rel=\"canonical\" href=\"https:\/\/davidbeu.de\/en\/training\/\" \/>\n<meta property=\"og:locale\" content=\"en_GB\" \/>\n<meta property=\"og:type\" content=\"article\" \/>\n<meta property=\"og:title\" content=\"training - David Beu\" \/>\n<meta property=\"og:description\" content=\"Spannende interkulturelle Trainings. F\u00fcr Firmen; Expats; Teams, soziale Tr\u00e4ger und Einzelpersonen. Machen Sie sich fit f\u00fcr die internationale Zusammenarbeit\" \/>\n<meta property=\"og:url\" content=\"https:\/\/davidbeu.de\/en\/training\/\" \/>\n<meta property=\"og:site_name\" content=\"David Beu\" \/>\n<meta property=\"article:modified_time\" content=\"2019-12-06T13:28:07+00:00\" \/>\n<meta property=\"og:image\" content=\"https:\/\/davidbeu.de\/wp-content\/uploads\/2019\/04\/why.svg\" \/>\n<meta name=\"twitter:card\" content=\"summary_large_image\" \/>\n<meta name=\"twitter:site\" content=\"@David_Beu_CGN\" \/>\n<meta name=\"twitter:label1\" content=\"Estimated reading time\" \/>\n\t<meta name=\"twitter:data1\" content=\"2 minutes\" \/>\n<script type=\"application\/ld+json\" class=\"yoast-schema-graph\">{\"@context\":\"https:\\\/\\\/schema.org\",\"@graph\":[{\"@type\":\"WebPage\",\"@id\":\"https:\\\/\\\/davidbeu.de\\\/training\\\/\",\"url\":\"https:\\\/\\\/davidbeu.de\\\/training\\\/\",\"name\":\"training - David Beu\",\"isPartOf\":{\"@id\":\"https:\\\/\\\/davidbeu.de\\\/#website\"},\"primaryImageOfPage\":{\"@id\":\"https:\\\/\\\/davidbeu.de\\\/training\\\/#primaryimage\"},\"image\":{\"@id\":\"https:\\\/\\\/davidbeu.de\\\/training\\\/#primaryimage\"},\"thumbnailUrl\":\"https:\\\/\\\/davidbeu.de\\\/wp-content\\\/uploads\\\/2019\\\/04\\\/why.svg\",\"datePublished\":\"2019-04-13T14:13:52+00:00\",\"dateModified\":\"2019-12-06T13:28:07+00:00\",\"description\":\"Spannende interkulturelle Trainings. F\u00fcr Firmen; Expats; Teams, soziale Tr\u00e4ger und Einzelpersonen. Machen Sie sich fit f\u00fcr die internationale Zusammenarbeit\",\"breadcrumb\":{\"@id\":\"https:\\\/\\\/davidbeu.de\\\/training\\\/#breadcrumb\"},\"inLanguage\":\"en-GB\",\"potentialAction\":[{\"@type\":\"ReadAction\",\"target\":[\"https:\\\/\\\/davidbeu.de\\\/training\\\/\"]}]},{\"@type\":\"ImageObject\",\"inLanguage\":\"en-GB\",\"@id\":\"https:\\\/\\\/davidbeu.de\\\/training\\\/#primaryimage\",\"url\":\"https:\\\/\\\/davidbeu.de\\\/wp-content\\\/uploads\\\/2019\\\/04\\\/why.svg\",\"contentUrl\":\"https:\\\/\\\/davidbeu.de\\\/wp-content\\\/uploads\\\/2019\\\/04\\\/why.svg\"},{\"@type\":\"BreadcrumbList\",\"@id\":\"https:\\\/\\\/davidbeu.de\\\/training\\\/#breadcrumb\",\"itemListElement\":[{\"@type\":\"ListItem\",\"position\":1,\"name\":\"Home\",\"item\":\"https:\\\/\\\/davidbeu.de\\\/\"},{\"@type\":\"ListItem\",\"position\":2,\"name\":\"training\"}]},{\"@type\":\"WebSite\",\"@id\":\"https:\\\/\\\/davidbeu.de\\\/#website\",\"url\":\"https:\\\/\\\/davidbeu.de\\\/\",\"name\":\"David Beu\",\"description\":\"Training, Coaching &amp; Teamentwicklung\",\"potentialAction\":[{\"@type\":\"SearchAction\",\"target\":{\"@type\":\"EntryPoint\",\"urlTemplate\":\"https:\\\/\\\/davidbeu.de\\\/?s={search_term_string}\"},\"query-input\":{\"@type\":\"PropertyValueSpecification\",\"valueRequired\":true,\"valueName\":\"search_term_string\"}}],\"inLanguage\":\"en-GB\"}]}<\/script>\n<!-- \/ Yoast SEO plugin. -->","yoast_head_json":{"title":"training - David Beu","description":"Spannende interkulturelle Trainings. F\u00fcr Firmen; Expats; Teams, soziale Tr\u00e4ger und Einzelpersonen. Machen Sie sich fit f\u00fcr die internationale Zusammenarbeit","robots":{"index":"index","follow":"follow","max-snippet":"max-snippet:-1","max-image-preview":"max-image-preview:large","max-video-preview":"max-video-preview:-1"},"canonical":"https:\/\/davidbeu.de\/en\/training\/","og_locale":"en_GB","og_type":"article","og_title":"training - David Beu","og_description":"Spannende interkulturelle Trainings. F\u00fcr Firmen; Expats; Teams, soziale Tr\u00e4ger und Einzelpersonen. Machen Sie sich fit f\u00fcr die internationale Zusammenarbeit","og_url":"https:\/\/davidbeu.de\/en\/training\/","og_site_name":"David Beu","article_modified_time":"2019-12-06T13:28:07+00:00","og_image":[{"url":"https:\/\/davidbeu.de\/wp-content\/uploads\/2019\/04\/why.svg","type":"","width":"","height":""}],"twitter_card":"summary_large_image","twitter_site":"@David_Beu_CGN","twitter_misc":{"Estimated reading time":"2 minutes"},"schema":{"@context":"https:\/\/schema.org","@graph":[{"@type":"WebPage","@id":"https:\/\/davidbeu.de\/training\/","url":"https:\/\/davidbeu.de\/training\/","name":"training - David Beu","isPartOf":{"@id":"https:\/\/davidbeu.de\/#website"},"primaryImageOfPage":{"@id":"https:\/\/davidbeu.de\/training\/#primaryimage"},"image":{"@id":"https:\/\/davidbeu.de\/training\/#primaryimage"},"thumbnailUrl":"https:\/\/davidbeu.de\/wp-content\/uploads\/2019\/04\/why.svg","datePublished":"2019-04-13T14:13:52+00:00","dateModified":"2019-12-06T13:28:07+00:00","description":"Spannende interkulturelle Trainings. F\u00fcr Firmen; Expats; Teams, soziale Tr\u00e4ger und Einzelpersonen. Machen Sie sich fit f\u00fcr die internationale Zusammenarbeit","breadcrumb":{"@id":"https:\/\/davidbeu.de\/training\/#breadcrumb"},"inLanguage":"en-GB","potentialAction":[{"@type":"ReadAction","target":["https:\/\/davidbeu.de\/training\/"]}]},{"@type":"ImageObject","inLanguage":"en-GB","@id":"https:\/\/davidbeu.de\/training\/#primaryimage","url":"https:\/\/davidbeu.de\/wp-content\/uploads\/2019\/04\/why.svg","contentUrl":"https:\/\/davidbeu.de\/wp-content\/uploads\/2019\/04\/why.svg"},{"@type":"BreadcrumbList","@id":"https:\/\/davidbeu.de\/training\/#breadcrumb","itemListElement":[{"@type":"ListItem","position":1,"name":"Home","item":"https:\/\/davidbeu.de\/"},{"@type":"ListItem","position":2,"name":"training"}]},{"@type":"WebSite","@id":"https:\/\/davidbeu.de\/#website","url":"https:\/\/davidbeu.de\/","name":"David Beu","description":"Training, Coaching &amp; Teamentwicklung","potentialAction":[{"@type":"SearchAction","target":{"@type":"EntryPoint","urlTemplate":"https:\/\/davidbeu.de\/?s={search_term_string}"},"query-input":{"@type":"PropertyValueSpecification","valueRequired":true,"valueName":"search_term_string"}}],"inLanguage":"en-GB"}]}},"_links":{"self":[{"href":"https:\/\/davidbeu.de\/en\/wp-json\/wp\/v2\/pages\/25420","targetHints":{"allow":["GET"]}}],"collection":[{"href":"https:\/\/davidbeu.de\/en\/wp-json\/wp\/v2\/pages"}],"about":[{"href":"https:\/\/davidbeu.de\/en\/wp-json\/wp\/v2\/types\/page"}],"author":[{"embeddable":true,"href":"https:\/\/davidbeu.de\/en\/wp-json\/wp\/v2\/users\/1"}],"replies":[{"embeddable":true,"href":"https:\/\/davidbeu.de\/en\/wp-json\/wp\/v2\/comments?post=25420"}],"version-history":[{"count":31,"href":"https:\/\/davidbeu.de\/en\/wp-json\/wp\/v2\/pages\/25420\/revisions"}],"predecessor-version":[{"id":25863,"href":"https:\/\/davidbeu.de\/en\/wp-json\/wp\/v2\/pages\/25420\/revisions\/25863"}],"wp:attachment":[{"href":"https:\/\/davidbeu.de\/en\/wp-json\/wp\/v2\/media?parent=25420"}],"curies":[{"name":"wp","href":"https:\/\/api.w.org\/{rel}","templated":true}]}}