{"id":25517,"date":"2019-04-13T19:32:21","date_gmt":"2019-04-13T17:32:21","guid":{"rendered":"https:\/\/davidbeu.live-website.com\/?page_id=25517"},"modified":"2023-04-04T20:08:09","modified_gmt":"2023-04-04T18:08:09","slug":"coaching-de","status":"publish","type":"page","link":"https:\/\/davidbeu.de\/en\/coaching-de\/","title":{"rendered":"coaching"},"content":{"rendered":"<div data-elementor-type=\"wp-post\" data-elementor-id=\"25517\" class=\"elementor elementor-25517\" data-elementor-post-type=\"page\">\n\t\t\t\t\t\t<section class=\"elementor-section elementor-top-section elementor-element elementor-element-2201f72 elementor-section-stretched elementor-section-boxed elementor-section-height-default elementor-section-height-default\" data-id=\"2201f72\" data-element_type=\"section\" data-e-type=\"section\" data-settings=\"{&quot;stretch_section&quot;:&quot;section-stretched&quot;}\">\n\t\t\t\t\t\t<div class=\"elementor-container elementor-column-gap-default\">\n\t\t\t\t\t<div class=\"elementor-column elementor-col-100 elementor-top-column elementor-element elementor-element-6f67434\" data-id=\"6f67434\" data-element_type=\"column\" data-e-type=\"column\">\n\t\t\t<div class=\"elementor-widget-wrap elementor-element-populated\">\n\t\t\t\t\t\t<section class=\"elementor-section elementor-inner-section elementor-element elementor-element-a2c0124 elementor-section-boxed elementor-section-height-default elementor-section-height-default\" data-id=\"a2c0124\" data-element_type=\"section\" data-e-type=\"section\">\n\t\t\t\t\t\t<div class=\"elementor-container elementor-column-gap-default\">\n\t\t\t\t\t<div class=\"elementor-column elementor-col-50 elementor-inner-column elementor-element elementor-element-6afc91e\" data-id=\"6afc91e\" data-element_type=\"column\" data-e-type=\"column\">\n\t\t\t<div class=\"elementor-widget-wrap elementor-element-populated\">\n\t\t\t\t\t\t<div class=\"elementor-element elementor-element-3e2c8b9 elementor-widget elementor-widget-image\" data-id=\"3e2c8b9\" data-element_type=\"widget\" data-e-type=\"widget\" data-widget_type=\"image.default\">\n\t\t\t\t<div class=\"elementor-widget-container\">\n\t\t\t\t\t\t\t\t\t\t\t\t\t\t\t<img decoding=\"async\" src=\"https:\/\/davidbeu.de\/wp-content\/uploads\/2019\/04\/einzel.svg\" title=\"einzel\" alt=\"Coaching\" loading=\"lazy\" \/>\t\t\t\t\t\t\t\t\t\t\t\t\t\t\t<\/div>\n\t\t\t\t<\/div>\n\t\t\t\t<div class=\"elementor-element elementor-element-107ce06 elementor-widget elementor-widget-heading\" data-id=\"107ce06\" data-element_type=\"widget\" data-e-type=\"widget\" data-widget_type=\"heading.default\">\n\t\t\t\t<div class=\"elementor-widget-container\">\n\t\t\t\t\t<h2 class=\"elementor-heading-title elementor-size-default\">Coaching for private individuals<\/h2>\t\t\t\t<\/div>\n\t\t\t\t<\/div>\n\t\t\t\t<div class=\"elementor-element elementor-element-39da819 elementor-widget elementor-widget-text-editor\" data-id=\"39da819\" data-element_type=\"widget\" data-e-type=\"widget\" data-widget_type=\"text-editor.default\">\n\t\t\t\t<div class=\"elementor-widget-container\">\n\t\t\t\t\t\t\t\t\t<p style=\"text-align: center;\">Coaching offers the individual meaningful support in change management tasks.<\/p><p style=\"text-align: center;\">Crisis situations resulting from cultural misunderstandings and confusion frequently arise abroad in particular. Irrespective of whether you find yourself as an inpat or expat in a new situation either abroad or in Germany, once your familiar network has disappeared, your work assignment, your focus, and the stability of your private life are all endangered. Intercultural coaching can help you master these changes successfully and provide you with long term backing and support on your journey going forwards.<\/p>\t\t\t\t\t\t\t\t<\/div>\n\t\t\t\t<\/div>\n\t\t\t\t\t<\/div>\n\t\t<\/div>\n\t\t\t\t<div class=\"elementor-column elementor-col-50 elementor-inner-column elementor-element elementor-element-19e4ad0\" data-id=\"19e4ad0\" data-element_type=\"column\" data-e-type=\"column\">\n\t\t\t<div class=\"elementor-widget-wrap elementor-element-populated\">\n\t\t\t\t\t\t<div class=\"elementor-element elementor-element-eb80315 elementor-widget elementor-widget-image\" data-id=\"eb80315\" data-element_type=\"widget\" data-e-type=\"widget\" data-widget_type=\"image.default\">\n\t\t\t\t<div class=\"elementor-widget-container\">\n\t\t\t\t\t\t\t\t\t\t\t\t\t\t\t<img decoding=\"async\" src=\"https:\/\/davidbeu.de\/wp-content\/uploads\/2019\/04\/team.svg\" title=\"team\" alt=\"Training\" loading=\"lazy\" \/>\t\t\t\t\t\t\t\t\t\t\t\t\t\t\t<\/div>\n\t\t\t\t<\/div>\n\t\t\t\t<div class=\"elementor-element elementor-element-f617522 elementor-widget elementor-widget-heading\" data-id=\"f617522\" data-element_type=\"widget\" data-e-type=\"widget\" data-widget_type=\"heading.default\">\n\t\t\t\t<div class=\"elementor-widget-container\">\n\t\t\t\t\t<h2 class=\"elementor-heading-title elementor-size-default\">Coaching for businesses<\/h2>\t\t\t\t<\/div>\n\t\t\t\t<\/div>\n\t\t\t\t<div class=\"elementor-element elementor-element-b053cf6 elementor-widget elementor-widget-text-editor\" data-id=\"b053cf6\" data-element_type=\"widget\" data-e-type=\"widget\" data-widget_type=\"text-editor.default\">\n\t\t\t\t<div class=\"elementor-widget-container\">\n\t\t\t\t\t\t\t\t\t<p style=\"text-align: center;\">Conflicts also frequently arise in international or virtual teams. These can be offset through the targeted coaching of a team or team members.<\/p><p style=\"text-align: center;\">Intercultural coaching offers businesses added value in that the negative consequences of culture shock can be prevented and the risk of discontinuation as well as fluctuations in team membership can be reduced or even averted altogether.<\/p>\t\t\t\t\t\t\t\t<\/div>\n\t\t\t\t<\/div>\n\t\t\t\t\t<\/div>\n\t\t<\/div>\n\t\t\t\t\t<\/div>\n\t\t<\/section>\n\t\t\t\t\t<\/div>\n\t\t<\/div>\n\t\t\t\t\t<\/div>\n\t\t<\/section>\n\t\t\t\t<section class=\"elementor-section elementor-top-section elementor-element elementor-element-b413571 elementor-section-stretched elementor-section-boxed elementor-section-height-default elementor-section-height-default\" data-id=\"b413571\" data-element_type=\"section\" data-e-type=\"section\" data-settings=\"{&quot;stretch_section&quot;:&quot;section-stretched&quot;}\">\n\t\t\t\t\t\t<div class=\"elementor-container elementor-column-gap-default\">\n\t\t\t\t\t<div class=\"elementor-column elementor-col-33 elementor-top-column elementor-element elementor-element-ecb72ae\" data-id=\"ecb72ae\" data-element_type=\"column\" data-e-type=\"column\">\n\t\t\t<div class=\"elementor-widget-wrap elementor-element-populated\">\n\t\t\t\t\t\t<div class=\"elementor-element elementor-element-d919c8d elementor-widget-divider--view-line elementor-widget elementor-widget-divider\" data-id=\"d919c8d\" data-element_type=\"widget\" data-e-type=\"widget\" data-widget_type=\"divider.default\">\n\t\t\t\t<div class=\"elementor-widget-container\">\n\t\t\t\t\t\t\t<div class=\"elementor-divider\">\n\t\t\t<span class=\"elementor-divider-separator\">\n\t\t\t\t\t\t<\/span>\n\t\t<\/div>\n\t\t\t\t\t\t<\/div>\n\t\t\t\t<\/div>\n\t\t\t\t<div class=\"elementor-element elementor-element-9072142 elementor-widget elementor-widget-heading\" data-id=\"9072142\" data-element_type=\"widget\" data-e-type=\"widget\" data-widget_type=\"heading.default\">\n\t\t\t\t<div class=\"elementor-widget-container\">\n\t\t\t\t\t<h3 class=\"elementor-heading-title elementor-size-default\">Empathetic<\/h3>\t\t\t\t<\/div>\n\t\t\t\t<\/div>\n\t\t\t\t\t<\/div>\n\t\t<\/div>\n\t\t\t\t<div class=\"elementor-column elementor-col-33 elementor-top-column elementor-element elementor-element-29b284c\" data-id=\"29b284c\" data-element_type=\"column\" data-e-type=\"column\">\n\t\t\t<div class=\"elementor-widget-wrap elementor-element-populated\">\n\t\t\t\t\t\t<div class=\"elementor-element elementor-element-0954531 elementor-widget-divider--view-line elementor-widget elementor-widget-divider\" data-id=\"0954531\" data-element_type=\"widget\" data-e-type=\"widget\" data-widget_type=\"divider.default\">\n\t\t\t\t<div class=\"elementor-widget-container\">\n\t\t\t\t\t\t\t<div class=\"elementor-divider\">\n\t\t\t<span class=\"elementor-divider-separator\">\n\t\t\t\t\t\t<\/span>\n\t\t<\/div>\n\t\t\t\t\t\t<\/div>\n\t\t\t\t<\/div>\n\t\t\t\t<div class=\"elementor-element elementor-element-499ecfd elementor-widget elementor-widget-heading\" data-id=\"499ecfd\" data-element_type=\"widget\" data-e-type=\"widget\" data-widget_type=\"heading.default\">\n\t\t\t\t<div class=\"elementor-widget-container\">\n\t\t\t\t\t<h3 class=\"elementor-heading-title elementor-size-default\">Focused<\/h3>\t\t\t\t<\/div>\n\t\t\t\t<\/div>\n\t\t\t\t\t<\/div>\n\t\t<\/div>\n\t\t\t\t<div class=\"elementor-column elementor-col-33 elementor-top-column elementor-element elementor-element-ae8c13d\" data-id=\"ae8c13d\" data-element_type=\"column\" data-e-type=\"column\">\n\t\t\t<div class=\"elementor-widget-wrap elementor-element-populated\">\n\t\t\t\t\t\t<div class=\"elementor-element elementor-element-e92a424 elementor-widget-divider--view-line elementor-widget elementor-widget-divider\" data-id=\"e92a424\" data-element_type=\"widget\" data-e-type=\"widget\" data-widget_type=\"divider.default\">\n\t\t\t\t<div class=\"elementor-widget-container\">\n\t\t\t\t\t\t\t<div class=\"elementor-divider\">\n\t\t\t<span class=\"elementor-divider-separator\">\n\t\t\t\t\t\t<\/span>\n\t\t<\/div>\n\t\t\t\t\t\t<\/div>\n\t\t\t\t<\/div>\n\t\t\t\t<div class=\"elementor-element elementor-element-cde7088 elementor-widget elementor-widget-heading\" data-id=\"cde7088\" data-element_type=\"widget\" data-e-type=\"widget\" data-widget_type=\"heading.default\">\n\t\t\t\t<div class=\"elementor-widget-container\">\n\t\t\t\t\t<h3 class=\"elementor-heading-title elementor-size-default\">Authentic<\/h3>\t\t\t\t<\/div>\n\t\t\t\t<\/div>\n\t\t\t\t\t<\/div>\n\t\t<\/div>\n\t\t\t\t\t<\/div>\n\t\t<\/section>\n\t\t\t\t<section class=\"elementor-section elementor-top-section elementor-element elementor-element-6c6af7d elementor-section-boxed elementor-section-height-default elementor-section-height-default\" data-id=\"6c6af7d\" data-element_type=\"section\" data-e-type=\"section\" data-settings=\"{&quot;background_background&quot;:&quot;classic&quot;}\">\n\t\t\t\t\t\t<div class=\"elementor-container elementor-column-gap-default\">\n\t\t\t\t\t<div class=\"elementor-column elementor-col-100 elementor-top-column elementor-element elementor-element-af1acda\" data-id=\"af1acda\" data-element_type=\"column\" data-e-type=\"column\">\n\t\t\t<div class=\"elementor-widget-wrap elementor-element-populated\">\n\t\t\t\t\t\t<section class=\"elementor-section elementor-inner-section elementor-element elementor-element-4469a3f elementor-section-boxed elementor-section-height-default elementor-section-height-default\" data-id=\"4469a3f\" data-element_type=\"section\" data-e-type=\"section\">\n\t\t\t\t\t\t<div class=\"elementor-container elementor-column-gap-default\">\n\t\t\t\t\t<div class=\"elementor-column elementor-col-100 elementor-inner-column elementor-element elementor-element-970168e\" data-id=\"970168e\" data-element_type=\"column\" data-e-type=\"column\">\n\t\t\t<div class=\"elementor-widget-wrap elementor-element-populated\">\n\t\t\t\t\t\t<div class=\"elementor-element elementor-element-76b9511 elementor-widget elementor-widget-heading\" data-id=\"76b9511\" data-element_type=\"widget\" data-e-type=\"widget\" data-widget_type=\"heading.default\">\n\t\t\t\t<div class=\"elementor-widget-container\">\n\t\t\t\t\t<h3 class=\"elementor-heading-title elementor-size-default\">Possible coaching topics:<\/h3>\t\t\t\t<\/div>\n\t\t\t\t<\/div>\n\t\t\t\t<div class=\"elementor-element elementor-element-6946849 elementor-widget elementor-widget-text-editor\" data-id=\"6946849\" data-element_type=\"widget\" data-e-type=\"widget\" data-widget_type=\"text-editor.default\">\n\t\t\t\t<div class=\"elementor-widget-container\">\n\t\t\t\t\t\t\t\t\t<ul><li>Adjustment strategies during international assignments<\/li><li>Complications as part of a hitherto unfamiliar everyday life<\/li><li>Personal crises abroad<\/li><li>Integration into new teams<\/li><li>Conflicts in a professional context<\/li><li>Conflicts in a professional context<\/li><li>Stress management<\/li><li>Resource activation<\/li><li>Role definition in a changed environment<\/li><li>Return to one\u2019s home country<\/li><\/ul>\t\t\t\t\t\t\t\t<\/div>\n\t\t\t\t<\/div>\n\t\t\t\t\t<\/div>\n\t\t<\/div>\n\t\t\t\t\t<\/div>\n\t\t<\/section>\n\t\t\t\t\t<\/div>\n\t\t<\/div>\n\t\t\t\t\t<\/div>\n\t\t<\/section>\n\t\t\t\t<section class=\"elementor-section elementor-top-section elementor-element elementor-element-71e5a8a elementor-section-boxed elementor-section-height-default elementor-section-height-default\" data-id=\"71e5a8a\" data-element_type=\"section\" data-e-type=\"section\" data-settings=\"{&quot;background_background&quot;:&quot;classic&quot;}\">\n\t\t\t\t\t\t<div class=\"elementor-container elementor-column-gap-default\">\n\t\t\t\t\t<div class=\"elementor-column elementor-col-100 elementor-top-column elementor-element elementor-element-3127fd6\" data-id=\"3127fd6\" data-element_type=\"column\" data-e-type=\"column\">\n\t\t\t<div class=\"elementor-widget-wrap elementor-element-populated\">\n\t\t\t\t\t\t<section class=\"elementor-section elementor-inner-section elementor-element elementor-element-6ae1d65 elementor-section-boxed elementor-section-height-default elementor-section-height-default\" data-id=\"6ae1d65\" data-element_type=\"section\" data-e-type=\"section\">\n\t\t\t\t\t\t<div class=\"elementor-container elementor-column-gap-default\">\n\t\t\t\t\t<div class=\"elementor-column elementor-col-100 elementor-inner-column elementor-element elementor-element-0ae38aa\" data-id=\"0ae38aa\" data-element_type=\"column\" data-e-type=\"column\">\n\t\t\t<div class=\"elementor-widget-wrap elementor-element-populated\">\n\t\t\t\t\t\t<div class=\"elementor-element elementor-element-c8f5cf5 elementor-widget elementor-widget-heading\" data-id=\"c8f5cf5\" data-element_type=\"widget\" data-e-type=\"widget\" data-widget_type=\"heading.default\">\n\t\t\t\t<div class=\"elementor-widget-container\">\n\t\t\t\t\t<h2 class=\"elementor-heading-title elementor-size-default\">Methodology<\/h2>\t\t\t\t<\/div>\n\t\t\t\t<\/div>\n\t\t\t\t<div class=\"elementor-element elementor-element-e66b804 elementor-widget elementor-widget-text-editor\" data-id=\"e66b804\" data-element_type=\"widget\" data-e-type=\"widget\" data-widget_type=\"text-editor.default\">\n\t\t\t\t<div class=\"elementor-widget-container\">\n\t\t\t\t\t\t\t\t\t<p style=\"text-align: center;\">I work both systematically and with a focus on the client, and like to incorporate my extensive experience as an intercultural coach into my coaching and advice sessions as required.<\/p><p style=\"text-align: center;\">I am also happy to offer coaching sessions via Skype if you cannot be present on site.<\/p>\t\t\t\t\t\t\t\t<\/div>\n\t\t\t\t<\/div>\n\t\t\t\t\t<\/div>\n\t\t<\/div>\n\t\t\t\t\t<\/div>\n\t\t<\/section>\n\t\t\t\t\t<\/div>\n\t\t<\/div>\n\t\t\t\t\t<\/div>\n\t\t<\/section>\n\t\t\t\t<section class=\"elementor-section elementor-top-section elementor-element elementor-element-ead9bb9 elementor-section-full_width elementor-section-height-default elementor-section-height-default\" data-id=\"ead9bb9\" data-element_type=\"section\" data-e-type=\"section\">\n\t\t\t\t\t\t<div class=\"elementor-container elementor-column-gap-default\">\n\t\t\t\t\t<div class=\"elementor-column elementor-col-100 elementor-top-column elementor-element elementor-element-100cc76\" data-id=\"100cc76\" data-element_type=\"column\" data-e-type=\"column\">\n\t\t\t<div class=\"elementor-widget-wrap elementor-element-populated\">\n\t\t\t\t\t\t<div class=\"elementor-element elementor-element-d6771e6 elementor-cta--skin-cover elementor-cta--valign-middle elementor-bg-transform elementor-bg-transform-zoom-out elementor-animated-content elementor-widget elementor-widget-call-to-action\" data-id=\"d6771e6\" data-element_type=\"widget\" data-e-type=\"widget\" data-widget_type=\"call-to-action.default\">\n\t\t\t\t<div class=\"elementor-widget-container\">\n\t\t\t\t\t\t\t<div class=\"elementor-cta\">\n\t\t\t\t\t<div class=\"elementor-cta__bg-wrapper\">\n\t\t\t\t<div class=\"elementor-cta__bg elementor-bg\" style=\"background-image: url();\" role=\"img\" aria-label=\"\"><\/div>\n\t\t\t\t<div class=\"elementor-cta__bg-overlay\"><\/div>\n\t\t\t<\/div>\n\t\t\t\t\t\t\t<div class=\"elementor-cta__content\">\n\t\t\t\t\n\t\t\t\t\t\t\t\t\t<h2 class=\"elementor-cta__title elementor-cta__content-item elementor-content-item elementor-animated-item--grow\">\n\t\t\t\t\t\tInterested?\t\t\t\t\t<\/h2>\n\t\t\t\t\n\t\t\t\t\n\t\t\t\t\t\t\t\t\t<div class=\"elementor-cta__button-wrapper elementor-cta__content-item elementor-content-item elementor-animated-item--grow\">\n\t\t\t\t\t<a class=\"elementor-cta__button elementor-button elementor-size-lg\" href=\"mailto:hi@davidbeu.de\">\n\t\t\t\t\t\tEmail me\t\t\t\t\t<\/a>\n\t\t\t\t\t<\/div>\n\t\t\t\t\t\t\t<\/div>\n\t\t\t\t\t\t<\/div>\n\t\t\t\t\t\t<\/div>\n\t\t\t\t<\/div>\n\t\t\t\t\t<\/div>\n\t\t<\/div>\n\t\t\t\t\t<\/div>\n\t\t<\/section>\n\t\t\t\t<\/div>","protected":false},"excerpt":{"rendered":"<p>Coaching f\u00fcr Einzelpersonen Coaching bietet f\u00fcr das Individuum eine sinnvolle Unterst\u00fctzung bei Ver\u00e4nderungsaufgaben. Gerade im Ausland kommt es h\u00e4ufig zu Krisensituationen, die auf kulturellen Missverst\u00e4ndnissen und Irritationen basieren. Egal ob Sie sich als Inpat oder als Expat, in einer neuen Situation im Ausland bzw. in Deutschland wiederfinden. Wenn das bekannte Netzwerk wegf\u00e4llt, ist schnell der [&hellip;]<\/p>\n","protected":false},"author":1,"featured_media":0,"parent":0,"menu_order":0,"comment_status":"closed","ping_status":"closed","template":"","meta":{"_acf_changed":false,"footnotes":""},"class_list":["post-25517","page","type-page","status-publish","hentry"],"acf":[],"yoast_head":"<!-- This site is optimized with the Yoast SEO plugin v27.3 - https:\/\/yoast.com\/product\/yoast-seo-wordpress\/ -->\n<title>coaching - David Beu<\/title>\n<meta name=\"description\" content=\"Interkulturelles &amp; Systemisches Coaching f\u00fcr Unternehmen und Einzelpersonen. Profitieren Sie von nachhaltigen Coachings und verbessern Sie Ihre Ergebnisse im In- und Ausland.\" \/>\n<meta name=\"robots\" content=\"index, follow, max-snippet:-1, max-image-preview:large, max-video-preview:-1\" \/>\n<link rel=\"canonical\" href=\"https:\/\/davidbeu.de\/en\/coaching-de\/\" \/>\n<meta property=\"og:locale\" content=\"en_GB\" \/>\n<meta property=\"og:type\" content=\"article\" \/>\n<meta property=\"og:title\" content=\"coaching - David Beu\" \/>\n<meta property=\"og:description\" content=\"Interkulturelles &amp; Systemisches Coaching f\u00fcr Unternehmen und Einzelpersonen. Profitieren Sie von nachhaltigen Coachings und verbessern Sie Ihre Ergebnisse im In- und Ausland.\" \/>\n<meta property=\"og:url\" content=\"https:\/\/davidbeu.de\/en\/coaching-de\/\" \/>\n<meta property=\"og:site_name\" content=\"David Beu\" \/>\n<meta property=\"article:modified_time\" content=\"2023-04-04T18:08:09+00:00\" \/>\n<meta property=\"og:image\" content=\"https:\/\/davidbeu.de\/wp-content\/uploads\/2019\/04\/einzel.svg\" \/>\n<meta name=\"twitter:card\" content=\"summary_large_image\" \/>\n<meta name=\"twitter:site\" content=\"@David_Beu_CGN\" \/>\n<meta name=\"twitter:label1\" content=\"Estimated reading time\" \/>\n\t<meta name=\"twitter:data1\" content=\"2 minutes\" \/>\n<script type=\"application\/ld+json\" class=\"yoast-schema-graph\">{\"@context\":\"https:\\\/\\\/schema.org\",\"@graph\":[{\"@type\":\"WebPage\",\"@id\":\"https:\\\/\\\/davidbeu.de\\\/coaching-de\\\/\",\"url\":\"https:\\\/\\\/davidbeu.de\\\/coaching-de\\\/\",\"name\":\"coaching - David Beu\",\"isPartOf\":{\"@id\":\"https:\\\/\\\/davidbeu.de\\\/#website\"},\"primaryImageOfPage\":{\"@id\":\"https:\\\/\\\/davidbeu.de\\\/coaching-de\\\/#primaryimage\"},\"image\":{\"@id\":\"https:\\\/\\\/davidbeu.de\\\/coaching-de\\\/#primaryimage\"},\"thumbnailUrl\":\"https:\\\/\\\/davidbeu.de\\\/wp-content\\\/uploads\\\/2019\\\/04\\\/einzel.svg\",\"datePublished\":\"2019-04-13T17:32:21+00:00\",\"dateModified\":\"2023-04-04T18:08:09+00:00\",\"description\":\"Interkulturelles & Systemisches Coaching f\u00fcr Unternehmen und Einzelpersonen. Profitieren Sie von nachhaltigen Coachings und verbessern Sie Ihre Ergebnisse im In- und Ausland.\",\"breadcrumb\":{\"@id\":\"https:\\\/\\\/davidbeu.de\\\/coaching-de\\\/#breadcrumb\"},\"inLanguage\":\"en-GB\",\"potentialAction\":[{\"@type\":\"ReadAction\",\"target\":[\"https:\\\/\\\/davidbeu.de\\\/coaching-de\\\/\"]}]},{\"@type\":\"ImageObject\",\"inLanguage\":\"en-GB\",\"@id\":\"https:\\\/\\\/davidbeu.de\\\/coaching-de\\\/#primaryimage\",\"url\":\"https:\\\/\\\/davidbeu.de\\\/wp-content\\\/uploads\\\/2019\\\/04\\\/einzel.svg\",\"contentUrl\":\"https:\\\/\\\/davidbeu.de\\\/wp-content\\\/uploads\\\/2019\\\/04\\\/einzel.svg\"},{\"@type\":\"BreadcrumbList\",\"@id\":\"https:\\\/\\\/davidbeu.de\\\/coaching-de\\\/#breadcrumb\",\"itemListElement\":[{\"@type\":\"ListItem\",\"position\":1,\"name\":\"Home\",\"item\":\"https:\\\/\\\/davidbeu.de\\\/\"},{\"@type\":\"ListItem\",\"position\":2,\"name\":\"coaching\"}]},{\"@type\":\"WebSite\",\"@id\":\"https:\\\/\\\/davidbeu.de\\\/#website\",\"url\":\"https:\\\/\\\/davidbeu.de\\\/\",\"name\":\"David Beu\",\"description\":\"Training, Coaching &amp; Teamentwicklung\",\"potentialAction\":[{\"@type\":\"SearchAction\",\"target\":{\"@type\":\"EntryPoint\",\"urlTemplate\":\"https:\\\/\\\/davidbeu.de\\\/?s={search_term_string}\"},\"query-input\":{\"@type\":\"PropertyValueSpecification\",\"valueRequired\":true,\"valueName\":\"search_term_string\"}}],\"inLanguage\":\"en-GB\"}]}<\/script>\n<!-- \/ Yoast SEO plugin. -->","yoast_head_json":{"title":"coaching - David Beu","description":"Interkulturelles & Systemisches Coaching f\u00fcr Unternehmen und Einzelpersonen. Profitieren Sie von nachhaltigen Coachings und verbessern Sie Ihre Ergebnisse im In- und Ausland.","robots":{"index":"index","follow":"follow","max-snippet":"max-snippet:-1","max-image-preview":"max-image-preview:large","max-video-preview":"max-video-preview:-1"},"canonical":"https:\/\/davidbeu.de\/en\/coaching-de\/","og_locale":"en_GB","og_type":"article","og_title":"coaching - David Beu","og_description":"Interkulturelles & Systemisches Coaching f\u00fcr Unternehmen und Einzelpersonen. Profitieren Sie von nachhaltigen Coachings und verbessern Sie Ihre Ergebnisse im In- und Ausland.","og_url":"https:\/\/davidbeu.de\/en\/coaching-de\/","og_site_name":"David Beu","article_modified_time":"2023-04-04T18:08:09+00:00","og_image":[{"url":"https:\/\/davidbeu.de\/wp-content\/uploads\/2019\/04\/einzel.svg","type":"","width":"","height":""}],"twitter_card":"summary_large_image","twitter_site":"@David_Beu_CGN","twitter_misc":{"Estimated reading time":"2 minutes"},"schema":{"@context":"https:\/\/schema.org","@graph":[{"@type":"WebPage","@id":"https:\/\/davidbeu.de\/coaching-de\/","url":"https:\/\/davidbeu.de\/coaching-de\/","name":"coaching - David Beu","isPartOf":{"@id":"https:\/\/davidbeu.de\/#website"},"primaryImageOfPage":{"@id":"https:\/\/davidbeu.de\/coaching-de\/#primaryimage"},"image":{"@id":"https:\/\/davidbeu.de\/coaching-de\/#primaryimage"},"thumbnailUrl":"https:\/\/davidbeu.de\/wp-content\/uploads\/2019\/04\/einzel.svg","datePublished":"2019-04-13T17:32:21+00:00","dateModified":"2023-04-04T18:08:09+00:00","description":"Interkulturelles & Systemisches Coaching f\u00fcr Unternehmen und Einzelpersonen. Profitieren Sie von nachhaltigen Coachings und verbessern Sie Ihre Ergebnisse im In- und Ausland.","breadcrumb":{"@id":"https:\/\/davidbeu.de\/coaching-de\/#breadcrumb"},"inLanguage":"en-GB","potentialAction":[{"@type":"ReadAction","target":["https:\/\/davidbeu.de\/coaching-de\/"]}]},{"@type":"ImageObject","inLanguage":"en-GB","@id":"https:\/\/davidbeu.de\/coaching-de\/#primaryimage","url":"https:\/\/davidbeu.de\/wp-content\/uploads\/2019\/04\/einzel.svg","contentUrl":"https:\/\/davidbeu.de\/wp-content\/uploads\/2019\/04\/einzel.svg"},{"@type":"BreadcrumbList","@id":"https:\/\/davidbeu.de\/coaching-de\/#breadcrumb","itemListElement":[{"@type":"ListItem","position":1,"name":"Home","item":"https:\/\/davidbeu.de\/"},{"@type":"ListItem","position":2,"name":"coaching"}]},{"@type":"WebSite","@id":"https:\/\/davidbeu.de\/#website","url":"https:\/\/davidbeu.de\/","name":"David Beu","description":"Training, Coaching &amp; Teamentwicklung","potentialAction":[{"@type":"SearchAction","target":{"@type":"EntryPoint","urlTemplate":"https:\/\/davidbeu.de\/?s={search_term_string}"},"query-input":{"@type":"PropertyValueSpecification","valueRequired":true,"valueName":"search_term_string"}}],"inLanguage":"en-GB"}]}},"_links":{"self":[{"href":"https:\/\/davidbeu.de\/en\/wp-json\/wp\/v2\/pages\/25517","targetHints":{"allow":["GET"]}}],"collection":[{"href":"https:\/\/davidbeu.de\/en\/wp-json\/wp\/v2\/pages"}],"about":[{"href":"https:\/\/davidbeu.de\/en\/wp-json\/wp\/v2\/types\/page"}],"author":[{"embeddable":true,"href":"https:\/\/davidbeu.de\/en\/wp-json\/wp\/v2\/users\/1"}],"replies":[{"embeddable":true,"href":"https:\/\/davidbeu.de\/en\/wp-json\/wp\/v2\/comments?post=25517"}],"version-history":[{"count":22,"href":"https:\/\/davidbeu.de\/en\/wp-json\/wp\/v2\/pages\/25517\/revisions"}],"predecessor-version":[{"id":26000,"href":"https:\/\/davidbeu.de\/en\/wp-json\/wp\/v2\/pages\/25517\/revisions\/26000"}],"wp:attachment":[{"href":"https:\/\/davidbeu.de\/en\/wp-json\/wp\/v2\/media?parent=25517"}],"curies":[{"name":"wp","href":"https:\/\/api.w.org\/{rel}","templated":true}]}}